{"id":388,"date":"2024-12-26T12:33:30","date_gmt":"2024-12-26T11:33:30","guid":{"rendered":"https:\/\/entwicklung.site\/themes\/generatepress\/?page_id=388"},"modified":"2024-12-30T11:54:35","modified_gmt":"2024-12-30T10:54:35","slug":"styles","status":"publish","type":"page","link":"https:\/\/entwicklung.site\/themes\/styles\/","title":{"rendered":"Styles"},"content":{"rendered":"\n<h1 class=\"wp-block-heading\">\u00dcberschriften<\/h1>\n\n\n\n<h1 class=\"wp-block-heading\">\u00dcberschrift 1<\/h1>\n\n\n\n<h2 class=\"wp-block-heading\">\u00dcberschrift 2<\/h2>\n\n\n\n<h3 class=\"wp-block-heading\">\u00dcberschrift 3<\/h3>\n\n\n\n<h4 class=\"wp-block-heading\">\u00dcberschrift 4<\/h4>\n\n\n\n<h5 class=\"wp-block-heading\">\u00dcberschrift 5<\/h5>\n\n\n\n<h6 class=\"wp-block-heading\">\u00dcberschrift 6<\/h6>\n\n\n\n<h2 class=\"wp-block-heading\">Gutenberg Text<\/h2>\n\n\n\n<p>Absatz<\/p>\n\n\n\n<ul class=\"wp-block-list\">\n<li>Liste<\/li>\n\n\n\n<li>Liste<\/li>\n\n\n\n<li>Liste<\/li>\n<\/ul>\n\n\n\n<blockquote class=\"wp-block-quote is-layout-flow wp-block-quote-is-layout-flow\">\n<p>Zitat<\/p>\n<\/blockquote>\n\n\n\n<pre class=\"wp-block-code\"><code>Code<\/code><\/pre>\n\n\n\n<details class=\"wp-block-details is-layout-flow wp-block-details-is-layout-flow\"><summary>Details<\/summary>\n<p>Details<\/p>\n\n\n\n<p><\/p>\n<\/details>\n\n\n\n<pre class=\"wp-block-preformatted\">Preformatted<\/pre>\n\n\n\n<figure class=\"wp-block-pullquote\"><blockquote><p>Zitat<\/p><cite>Autor<\/cite><\/blockquote><\/figure>\n\n\n\n<figure class=\"wp-block-table is-style-regular\"><table class=\"has-fixed-layout\"><thead><tr><th>Titel 1<\/th><th>Titel 2<\/th><th>Titel 3<\/th><\/tr><\/thead><tbody><tr><td>Inhalt 1<\/td><td>Inhalt 2<\/td><td>Inhalt 3<\/td><\/tr><tr><td>Inhalt 1<\/td><td>Inhalt 2<\/td><td>Inhalt 3<\/td><\/tr><\/tbody><tfoot><tr><td>Fussinhalt 1<\/td><td>Fussinhalt 2<\/td><td>Fussinhalt 3<\/td><\/tr><\/tfoot><\/table><\/figure>\n\n\n\n<pre class=\"wp-block-verse\">Vers<\/pre>\n\n\n<p>Classic Editor<\/p>\n\n\n<h2 class=\"wp-block-heading wp-embed-aspect-16-9 wp-has-aspect-ratio\">Gutenberg Medien<\/h2>\n\n\n\n<figure class=\"wp-block-gallery has-nested-images columns-default is-cropped wp-embed-aspect-16-9 wp-has-aspect-ratio wp-block-gallery-1 is-layout-flex wp-block-gallery-is-layout-flex\">\n<figure class=\"wp-block-image size-large\"><a href=\"https:\/\/entwicklung.site\/themes\/generatepress\/wp-content\/uploads\/sites\/13\/2024\/11\/csm_Velokonf_Ausserorts_zuknftig_7694744477.jpg\"><img loading=\"lazy\" decoding=\"async\" width=\"600\" height=\"400\" data-id=\"126\" src=\"https:\/\/entwicklung.site\/themes\/generatepress\/wp-content\/uploads\/sites\/13\/2024\/11\/csm_Velokonf_Ausserorts_zuknftig_7694744477.jpg\" alt=\"\" class=\"wp-image-126\" srcset=\"https:\/\/entwicklung.site\/themes\/wp-content\/uploads\/2024\/11\/csm_Velokonf_Ausserorts_zuknftig_7694744477.jpg 600w, https:\/\/entwicklung.site\/themes\/wp-content\/uploads\/2024\/11\/csm_Velokonf_Ausserorts_zuknftig_7694744477-300x200.jpg 300w\" sizes=\"auto, (max-width: 600px) 100vw, 600px\" \/><\/a><\/figure>\n\n\n\n<figure class=\"wp-block-image size-large\"><a href=\"https:\/\/entwicklung.site\/themes\/generatepress\/wp-content\/uploads\/sites\/13\/2024\/11\/csm_Velo_SOB_bafc874dc6.jpg\"><img loading=\"lazy\" decoding=\"async\" width=\"600\" height=\"401\" data-id=\"125\" src=\"https:\/\/entwicklung.site\/themes\/generatepress\/wp-content\/uploads\/sites\/13\/2024\/11\/csm_Velo_SOB_bafc874dc6.jpg\" alt=\"\" class=\"wp-image-125\" srcset=\"https:\/\/entwicklung.site\/themes\/wp-content\/uploads\/2024\/11\/csm_Velo_SOB_bafc874dc6.jpg 600w, https:\/\/entwicklung.site\/themes\/wp-content\/uploads\/2024\/11\/csm_Velo_SOB_bafc874dc6-300x201.jpg 300w\" sizes=\"auto, (max-width: 600px) 100vw, 600px\" \/><\/a><\/figure>\n\n\n\n<figure class=\"wp-block-image size-large\"><a href=\"https:\/\/entwicklung.site\/themes\/generatepress\/wp-content\/uploads\/sites\/13\/2024\/11\/csm_einreichung_bundeshaus1_9efd0dd918.jpg\"><img loading=\"lazy\" decoding=\"async\" width=\"600\" height=\"400\" data-id=\"123\" src=\"https:\/\/entwicklung.site\/themes\/generatepress\/wp-content\/uploads\/sites\/13\/2024\/11\/csm_einreichung_bundeshaus1_9efd0dd918.jpg\" alt=\"\" class=\"wp-image-123\" srcset=\"https:\/\/entwicklung.site\/themes\/wp-content\/uploads\/2024\/11\/csm_einreichung_bundeshaus1_9efd0dd918.jpg 600w, https:\/\/entwicklung.site\/themes\/wp-content\/uploads\/2024\/11\/csm_einreichung_bundeshaus1_9efd0dd918-300x200.jpg 300w\" sizes=\"auto, (max-width: 600px) 100vw, 600px\" \/><\/a><\/figure>\n\n\n\n<figure class=\"wp-block-image size-large\"><a href=\"https:\/\/entwicklung.site\/themes\/generatepress\/wp-content\/uploads\/sites\/13\/2024\/11\/csm_20241002_104449_83d9d12d82.jpg\"><img loading=\"lazy\" decoding=\"async\" width=\"600\" height=\"400\" data-id=\"121\" src=\"https:\/\/entwicklung.site\/themes\/generatepress\/wp-content\/uploads\/sites\/13\/2024\/11\/csm_20241002_104449_83d9d12d82.jpg\" alt=\"\" class=\"wp-image-121\" srcset=\"https:\/\/entwicklung.site\/themes\/wp-content\/uploads\/2024\/11\/csm_20241002_104449_83d9d12d82.jpg 600w, https:\/\/entwicklung.site\/themes\/wp-content\/uploads\/2024\/11\/csm_20241002_104449_83d9d12d82-300x200.jpg 300w\" sizes=\"auto, (max-width: 600px) 100vw, 600px\" \/><\/a><\/figure>\n<\/figure>\n\n\n\n<div class=\"wp-block-cover is-light has-parallax wp-embed-aspect-16-9 wp-has-aspect-ratio has-base-2-color has-text-color has-link-color has-xx-large-font-size wp-elements-3bf9216b1e16923ed3a947452dc03f70\"><span aria-hidden=\"true\" class=\"wp-block-cover__background has-background-dim\" style=\"background-color:#b5b3b0\"><\/span><div class=\"wp-block-cover__image-background wp-image-122 has-parallax\" style=\"background-position:50% 50%;background-image:url(https:\/\/entwicklung.site\/themes\/wp-content\/uploads\/2024\/11\/csm_autobahn_zu_gross_c81cf947d7.jpg)\"><\/div><div class=\"wp-block-cover__inner-container has-global-padding is-layout-constrained wp-block-cover-is-layout-constrained\">\n<p class=\"has-text-align-center has-base-3-color has-text-color has-link-color has-xx-large-font-size wp-elements-ad5494585838d948d498d07384d65b5a\">Cover Text<\/p>\n<\/div><\/div>\n\n\n\n<div class=\"wp-block-file wp-embed-aspect-16-9 wp-has-aspect-ratio\"><a id=\"wp-block-file--media-d7c3a707-a61f-4179-91a1-b4d7f1affe07\" href=\"https:\/\/entwicklung.site\/themes\/generatepress\/wp-content\/uploads\/sites\/13\/2024\/12\/phocaDownload_v302.zip\" target=\"_blank\" rel=\"noreferrer noopener\">phocaDownload_v302<\/a><a href=\"https:\/\/entwicklung.site\/themes\/generatepress\/wp-content\/uploads\/sites\/13\/2024\/12\/phocaDownload_v302.zip\" class=\"wp-block-file__button wp-element-button\" download aria-describedby=\"wp-block-file--media-d7c3a707-a61f-4179-91a1-b4d7f1affe07\">Download<\/a><\/div>\n\n\n\n<div class=\"wp-block-media-text is-stacked-on-mobile wp-embed-aspect-16-9 wp-has-aspect-ratio\"><figure class=\"wp-block-media-text__media\"><img loading=\"lazy\" decoding=\"async\" width=\"600\" height=\"400\" src=\"https:\/\/entwicklung.site\/themes\/generatepress\/wp-content\/uploads\/sites\/13\/2024\/11\/csm_einreichung_bundeshaus1_9efd0dd918.jpg\" alt=\"\" class=\"wp-image-123 size-full\" srcset=\"https:\/\/entwicklung.site\/themes\/wp-content\/uploads\/2024\/11\/csm_einreichung_bundeshaus1_9efd0dd918.jpg 600w, https:\/\/entwicklung.site\/themes\/wp-content\/uploads\/2024\/11\/csm_einreichung_bundeshaus1_9efd0dd918-300x200.jpg 300w\" sizes=\"auto, (max-width: 600px) 100vw, 600px\" \/><\/figure><div class=\"wp-block-media-text__content\">\n<p>Medien &amp; Text<\/p>\n<\/div><\/div>\n\n\n\n<figure class=\"wp-block-embed is-type-video is-provider-youtube wp-block-embed-youtube wp-embed-aspect-16-9 wp-has-aspect-ratio\"><div class=\"wp-block-embed__wrapper\">\n<iframe loading=\"lazy\" title=\"Fahr sichtbar - Kreisel\" width=\"500\" height=\"281\" src=\"https:\/\/www.youtube.com\/embed\/AmJfhEYPkgI?feature=oembed\" frameborder=\"0\" allow=\"accelerometer; autoplay; clipboard-write; encrypted-media; gyroscope; picture-in-picture; web-share\" referrerpolicy=\"strict-origin-when-cross-origin\" allowfullscreen><\/iframe>\n<\/div><\/figure>\n\n\n\n<h2 class=\"wp-block-heading\">Gutenberg Design<\/h2>\n\n\n\n<div class=\"wp-block-buttons is-layout-flex wp-block-buttons-is-layout-flex\">\n<div class=\"wp-block-button\"><a class=\"wp-block-button__link wp-element-button\">Klick mich, ich bin ein Button<\/a><\/div>\n<\/div>\n\n\n\n<div class=\"wp-block-columns is-layout-flex wp-container-core-columns-is-layout-28f84493 wp-block-columns-is-layout-flex\">\n<div class=\"wp-block-column is-layout-flow wp-block-column-is-layout-flow\" style=\"flex-basis:25%\">\n<p>Spalte 1<\/p>\n<\/div>\n\n\n\n<div class=\"wp-block-column is-layout-flow wp-block-column-is-layout-flow\" style=\"flex-basis:50%\">\n<p>Spalte 2<\/p>\n<\/div>\n\n\n\n<div class=\"wp-block-column is-layout-flow wp-block-column-is-layout-flow\" style=\"flex-basis:25%\">\n<p>Spalte 3<\/p>\n<\/div>\n<\/div>\n\n\n\n<!--more Weiter lesen-->\n\n\n\n<hr class=\"wp-block-separator has-alpha-channel-opacity\"\/>\n\n\n\n<h2 class=\"wp-block-heading\">Gutenberg Widgets<\/h2>\n\n\n<ul class=\"wp-block-archives-list wp-block-archives\">\t<li><a href='https:\/\/entwicklung.site\/themes\/blog\/2024\/10\/'>Oktober 2024<\/a><\/li>\n<\/ul>\n\n<div class=\"wp-block-calendar\"><table id=\"wp-calendar\" class=\"wp-calendar-table\">\n\t<caption>April 2026<\/caption>\n\t<thead>\n\t<tr>\n\t\t<th scope=\"col\" aria-label=\"Montag\">M<\/th>\n\t\t<th scope=\"col\" aria-label=\"Dienstag\">D<\/th>\n\t\t<th scope=\"col\" aria-label=\"Mittwoch\">M<\/th>\n\t\t<th scope=\"col\" aria-label=\"Donnerstag\">D<\/th>\n\t\t<th scope=\"col\" aria-label=\"Freitag\">F<\/th>\n\t\t<th scope=\"col\" aria-label=\"Samstag\">S<\/th>\n\t\t<th scope=\"col\" aria-label=\"Sonntag\">S<\/th>\n\t<\/tr>\n\t<\/thead>\n\t<tbody>\n\t<tr>\n\t\t<td colspan=\"2\" class=\"pad\">&nbsp;<\/td><td>1<\/td><td>2<\/td><td>3<\/td><td>4<\/td><td>5<\/td>\n\t<\/tr>\n\t<tr>\n\t\t<td>6<\/td><td>7<\/td><td>8<\/td><td>9<\/td><td>10<\/td><td>11<\/td><td>12<\/td>\n\t<\/tr>\n\t<tr>\n\t\t<td>13<\/td><td>14<\/td><td>15<\/td><td>16<\/td><td id=\"today\">17<\/td><td>18<\/td><td>19<\/td>\n\t<\/tr>\n\t<tr>\n\t\t<td>20<\/td><td>21<\/td><td>22<\/td><td>23<\/td><td>24<\/td><td>25<\/td><td>26<\/td>\n\t<\/tr>\n\t<tr>\n\t\t<td>27<\/td><td>28<\/td><td>29<\/td><td>30<\/td>\n\t\t<td class=\"pad\" colspan=\"3\">&nbsp;<\/td>\n\t<\/tr>\n\t<\/tbody>\n\t<\/table><nav aria-label=\"Vorherige und n\u00e4chste Monate\" class=\"wp-calendar-nav\">\n\t\t<span class=\"wp-calendar-nav-prev\"><a href=\"https:\/\/entwicklung.site\/themes\/blog\/2024\/10\/\">&laquo; Okt.<\/a><\/span>\n\t\t<span class=\"pad\">&nbsp;<\/span>\n\t\t<span class=\"wp-calendar-nav-next\">&nbsp;<\/span>\n\t<\/nav><\/div>\n\n\n<h3 class=\"wp-block-heading\">Schlagw\u00f6rter<\/h3>\n\n\n<ul class=\"wp-block-categories-list wp-block-categories\"><li class=\"cat-item-none\">Keine Schlagw\u00f6rter<\/li><\/ul>\n\n\n<h3 class=\"wp-block-heading\">Kategorien<\/h3>\n\n\n<ul class=\"wp-block-categories-list wp-block-categories\">\t<li class=\"cat-item cat-item-4\"><a href=\"https:\/\/entwicklung.site\/themes\/blog\/category\/aktuelles\/\">Aktuelles<\/a>\n<\/li>\n<\/ul>\n\n\n<h3 class=\"wp-block-heading\">Neuste Artikel<\/h3>\n\n\n<ul class=\"wp-block-latest-posts__list wp-block-latest-posts\"><li><a class=\"wp-block-latest-posts__post-title\" href=\"https:\/\/entwicklung.site\/themes\/blog\/die-tage-werden-kuerzer-licht-am-velo-nicht-vergessen\/\">Die Tage werden k\u00fcrzer: Licht am Velo nicht vergessen!<\/a><\/li>\n<li><a class=\"wp-block-latest-posts__post-title\" href=\"https:\/\/entwicklung.site\/themes\/blog\/velotransport-eindeutige-fortschritte-aber-die-schweiz-kann-noch-mehr-tun\/\">Velotransport: Eindeutige Fortschritte, aber die Schweiz kann noch mehr tun<\/a><\/li>\n<li><a class=\"wp-block-latest-posts__post-title\" href=\"https:\/\/entwicklung.site\/themes\/blog\/verkehrskommission-will-den-kantonen-keine-zusaetzlichen-mittel-fuer-die-velowege-bereitstellen\/\">Verkehrskommission will den Kantonen keine zus\u00e4tzlichen Mittel f\u00fcr die Velowege bereitstellen<\/a><\/li>\n<li><a class=\"wp-block-latest-posts__post-title\" href=\"https:\/\/entwicklung.site\/themes\/blog\/neue-rekordteilnahme-und-kreuzlingen-wieder-ganz-vorne-dabei\/\">Neue Rekordteilnahme und Kreuzlingen wieder ganz vorne dabei!<\/a><\/li>\n<\/ul>\n\n\n<h3 class=\"wp-block-heading\">Seitenliste<\/h3>\n\n\n<ul class=\"wp-block-page-list\"><li class=\"wp-block-pages-list__item\"><a class=\"wp-block-pages-list__item__link\" href=\"https:\/\/entwicklung.site\/themes\/beispiel-seite\/\">Beispiel-Seite<\/a><\/li><li class=\"wp-block-pages-list__item menu-item-home\"><a class=\"wp-block-pages-list__item__link\" href=\"https:\/\/entwicklung.site\/themes\/\">Pro Velo<\/a><\/li><li class=\"wp-block-pages-list__item\"><a class=\"wp-block-pages-list__item__link\" href=\"https:\/\/entwicklung.site\/themes\/styles\/\">Styles<\/a><\/li><\/ul>\n\n<form role=\"search\" method=\"get\" action=\"https:\/\/entwicklung.site\/themes\/\" class=\"wp-block-search__button-outside wp-block-search__text-button wp-block-search\"    ><label class=\"wp-block-search__label\" for=\"wp-block-search__input-2\" >Suche<\/label><div class=\"wp-block-search__inside-wrapper \"  style=\"width: 50%\"><input class=\"wp-block-search__input\" id=\"wp-block-search__input-2\" placeholder=\"Optionaler Platzhalter ...\" value=\"\" type=\"search\" name=\"s\" required \/><button aria-label=\"Suchen\" class=\"wp-block-search__button has-text-color has-contrast-color has-background has-base-3-background-color wp-element-button\" type=\"submit\" >Suchen<\/button><\/div><\/form>\n\n\n<h3 class=\"wp-block-heading\">Social Icons<\/h3>\n\n\n\n<ul class=\"wp-block-social-links has-visible-labels has-icon-color is-style-pill-shape is-layout-flex wp-block-social-links-is-layout-flex\"><li style=\"color: var(--base-3); \" class=\"wp-social-link wp-social-link-wordpress has-base-3-color wp-block-social-link\"><a href=\"https:\/\/wordpress.org\" class=\"wp-block-social-link-anchor\"><svg width=\"24\" height=\"24\" viewBox=\"0 0 24 24\" version=\"1.1\" xmlns=\"http:\/\/www.w3.org\/2000\/svg\" aria-hidden=\"true\" focusable=\"false\"><path d=\"M12.158,12.786L9.46,20.625c0.806,0.237,1.657,0.366,2.54,0.366c1.047,0,2.051-0.181,2.986-0.51 c-0.024-0.038-0.046-0.079-0.065-0.124L12.158,12.786z M3.009,12c0,3.559,2.068,6.634,5.067,8.092L3.788,8.341 C3.289,9.459,3.009,10.696,3.009,12z M18.069,11.546c0-1.112-0.399-1.881-0.741-2.48c-0.456-0.741-0.883-1.368-0.883-2.109 c0-0.826,0.627-1.596,1.51-1.596c0.04,0,0.078,0.005,0.116,0.007C16.472,3.904,14.34,3.009,12,3.009 c-3.141,0-5.904,1.612-7.512,4.052c0.211,0.007,0.41,0.011,0.579,0.011c0.94,0,2.396-0.114,2.396-0.114 C7.947,6.93,8.004,7.642,7.52,7.699c0,0-0.487,0.057-1.029,0.085l3.274,9.739l1.968-5.901l-1.401-3.838 C9.848,7.756,9.389,7.699,9.389,7.699C8.904,7.67,8.961,6.93,9.446,6.958c0,0,1.484,0.114,2.368,0.114 c0.94,0,2.397-0.114,2.397-0.114c0.485-0.028,0.542,0.684,0.057,0.741c0,0-0.488,0.057-1.029,0.085l3.249,9.665l0.897-2.996 C17.841,13.284,18.069,12.316,18.069,11.546z M19.889,7.686c0.039,0.286,0.06,0.593,0.06,0.924c0,0.912-0.171,1.938-0.684,3.22 l-2.746,7.94c2.673-1.558,4.47-4.454,4.47-7.771C20.991,10.436,20.591,8.967,19.889,7.686z M12,22C6.486,22,2,17.514,2,12 C2,6.486,6.486,2,12,2c5.514,0,10,4.486,10,10C22,17.514,17.514,22,12,22z\"><\/path><\/svg><span class=\"wp-block-social-link-label\">WordPress<\/span><\/a><\/li>\n\n<li style=\"color: var(--base-3); \" class=\"wp-social-link wp-social-link-fivehundredpx has-base-3-color wp-block-social-link\"><a href=\"https:\/\/500px.com\" class=\"wp-block-social-link-anchor\"><svg width=\"24\" height=\"24\" viewBox=\"0 0 24 24\" version=\"1.1\" xmlns=\"http:\/\/www.w3.org\/2000\/svg\" aria-hidden=\"true\" focusable=\"false\"><path d=\"M6.94026,15.1412c.00437.01213.108.29862.168.44064a6.55008,6.55008,0,1,0,6.03191-9.09557,6.68654,6.68654,0,0,0-2.58357.51467A8.53914,8.53914,0,0,0,8.21268,8.61344L8.209,8.61725V3.22948l9.0504-.00008c.32934-.0036.32934-.46353.32934-.61466s0-.61091-.33035-.61467L7.47248,2a.43.43,0,0,0-.43131.42692v7.58355c0,.24466.30476.42131.58793.4819.553.11812.68074-.05864.81617-.2457l.018-.02481A10.52673,10.52673,0,0,1,9.32258,9.258a5.35268,5.35268,0,1,1,7.58985,7.54976,5.417,5.417,0,0,1-3.80867,1.56365,5.17483,5.17483,0,0,1-2.69822-.74478l.00342-4.61111a2.79372,2.79372,0,0,1,.71372-1.78792,2.61611,2.61611,0,0,1,1.98282-.89477,2.75683,2.75683,0,0,1,1.95525.79477,2.66867,2.66867,0,0,1,.79656,1.909,2.724,2.724,0,0,1-2.75849,2.748,4.94651,4.94651,0,0,1-.86254-.13719c-.31234-.093-.44519.34058-.48892.48349-.16811.54966.08453.65862.13687.67489a3.75751,3.75751,0,0,0,1.25234.18375,3.94634,3.94634,0,1,0-2.82444-6.742,3.67478,3.67478,0,0,0-1.13028,2.584l-.00041.02323c-.0035.11667-.00579,2.881-.00644,3.78811l-.00407-.00451a6.18521,6.18521,0,0,1-1.0851-1.86092c-.10544-.27856-.34358-.22925-.66857-.12917-.14192.04372-.57386.17677-.47833.489Zm4.65165-1.08338a.51346.51346,0,0,0,.19513.31818l.02276.022a.52945.52945,0,0,0,.3517.18416.24242.24242,0,0,0,.16577-.0611c.05473-.05082.67382-.67812.73287-.738l.69041.68819a.28978.28978,0,0,0,.21437.11032.53239.53239,0,0,0,.35708-.19486c.29792-.30419.14885-.46821.07676-.54751l-.69954-.69975.72952-.73469c.16-.17311.01874-.35708-.12218-.498-.20461-.20461-.402-.25742-.52855-.14083l-.7254.72665-.73354-.73375a.20128.20128,0,0,0-.14179-.05695.54135.54135,0,0,0-.34379.19648c-.22561.22555-.274.38149-.15656.5059l.73374.7315-.72942.73072A.26589.26589,0,0,0,11.59191,14.05782Zm1.59866-9.915A8.86081,8.86081,0,0,0,9.854,4.776a.26169.26169,0,0,0-.16938.22759.92978.92978,0,0,0,.08619.42094c.05682.14524.20779.531.50006.41955a8.40969,8.40969,0,0,1,2.91968-.55484,7.87875,7.87875,0,0,1,3.086.62286,8.61817,8.61817,0,0,1,2.30562,1.49315.2781.2781,0,0,0,.18318.07586c.15529,0,.30425-.15253.43167-.29551.21268-.23861.35873-.4369.1492-.63538a8.50425,8.50425,0,0,0-2.62312-1.694A9.0177,9.0177,0,0,0,13.19058,4.14283ZM19.50945,18.6236h0a.93171.93171,0,0,0-.36642-.25406.26589.26589,0,0,0-.27613.06613l-.06943.06929A7.90606,7.90606,0,0,1,7.60639,18.505a7.57284,7.57284,0,0,1-1.696-2.51537,8.58715,8.58715,0,0,1-.5147-1.77754l-.00871-.04864c-.04939-.25873-.28755-.27684-.62981-.22448-.14234.02178-.5755.088-.53426.39969l.001.00712a9.08807,9.08807,0,0,0,15.406,4.99094c.00193-.00192.04753-.04718.0725-.07436C19.79425,19.16234,19.87422,18.98728,19.50945,18.6236Z\"><\/path><\/svg><span class=\"wp-block-social-link-label\">500px<\/span><\/a><\/li>\n\n<li style=\"color: var(--base-3); \" class=\"wp-social-link wp-social-link-bluesky has-base-3-color wp-block-social-link\"><a href=\"https:\/\/bsky.app\/\" class=\"wp-block-social-link-anchor\"><svg width=\"24\" height=\"24\" viewBox=\"0 0 24 24\" version=\"1.1\" xmlns=\"http:\/\/www.w3.org\/2000\/svg\" aria-hidden=\"true\" focusable=\"false\"><path d=\"M6.3,4.2c2.3,1.7,4.8,5.3,5.7,7.2.9-1.9,3.4-5.4,5.7-7.2,1.7-1.3,4.3-2.2,4.3.9s-.4,5.2-.6,5.9c-.7,2.6-3.3,3.2-5.6,2.8,4,.7,5.1,3,2.9,5.3-5,5.2-6.7-2.8-6.7-2.8,0,0-1.7,8-6.7,2.8-2.2-2.3-1.2-4.6,2.9-5.3-2.3.4-4.9-.3-5.6-2.8-.2-.7-.6-5.3-.6-5.9,0-3.1,2.7-2.1,4.3-.9h0Z\"><\/path><\/svg><span class=\"wp-block-social-link-label\">Bluesky<\/span><\/a><\/li><\/ul>\n\n\n\n<h3 class=\"wp-block-heading\">Schlagwortwolke<\/h3>\n\n\n<p class=\"wp-block-tag-cloud\">Es gibt hier noch keinen Inhalt, der angezeigt werden kann.<\/p>","protected":false},"excerpt":{"rendered":"<p>\u00dcberschriften \u00dcberschrift 1 \u00dcberschrift 2 \u00dcberschrift 3 \u00dcberschrift 4 \u00dcberschrift 5 \u00dcberschrift 6 Gutenberg Text Absatz Zitat Preformatted Zitat Autor Titel 1 Titel 2 Titel 3 Inhalt 1 Inhalt 2 Inhalt 3 Inhalt 1 Inhalt 2 Inhalt 3 Fussinhalt 1 Fussinhalt 2 Fussinhalt 3 Vers Classic Editor Gutenberg Medien Medien &amp; Text Gutenberg Design Spalte [&hellip;]<\/p>\n","protected":false},"author":1,"featured_media":0,"parent":0,"menu_order":4,"comment_status":"closed","ping_status":"closed","template":"","meta":{"footnotes":""},"class_list":["post-388","page","type-page","status-publish","hentry"],"_links":{"self":[{"href":"https:\/\/entwicklung.site\/themes\/wp-json\/wp\/v2\/pages\/388","targetHints":{"allow":["GET"]}}],"collection":[{"href":"https:\/\/entwicklung.site\/themes\/wp-json\/wp\/v2\/pages"}],"about":[{"href":"https:\/\/entwicklung.site\/themes\/wp-json\/wp\/v2\/types\/page"}],"author":[{"embeddable":true,"href":"https:\/\/entwicklung.site\/themes\/wp-json\/wp\/v2\/users\/1"}],"replies":[{"embeddable":true,"href":"https:\/\/entwicklung.site\/themes\/wp-json\/wp\/v2\/comments?post=388"}],"version-history":[{"count":6,"href":"https:\/\/entwicklung.site\/themes\/wp-json\/wp\/v2\/pages\/388\/revisions"}],"predecessor-version":[{"id":426,"href":"https:\/\/entwicklung.site\/themes\/wp-json\/wp\/v2\/pages\/388\/revisions\/426"}],"wp:attachment":[{"href":"https:\/\/entwicklung.site\/themes\/wp-json\/wp\/v2\/media?parent=388"}],"curies":[{"name":"wp","href":"https:\/\/api.w.org\/{rel}","templated":true}]}}